{"id":204,"date":"2018-06-13T11:45:42","date_gmt":"2018-06-13T11:45:42","guid":{"rendered":"https:\/\/annecy.france-webdesign.com\/?page_id=204"},"modified":"2024-06-26T09:34:09","modified_gmt":"2024-06-26T07:34:09","slug":"appartements","status":"publish","type":"page","link":"https:\/\/www.appartement-annecy.com\/en\/flats\/","title":{"rendered":"Flats"},"content":{"rendered":"<div data-elementor-type=\"wp-post\" data-elementor-id=\"204\" class=\"elementor elementor-204\">\n\t\t\t\t\t\t<section class=\"elementor-section elementor-top-section elementor-element elementor-element-1455370 elementor-section-stretched elementor-section-height-min-height elementor-section-boxed elementor-section-height-default elementor-section-items-middle\" data-id=\"1455370\" data-element_type=\"section\" data-e-type=\"section\" data-settings=\"{&quot;stretch_section&quot;:&quot;section-stretched&quot;,&quot;background_background&quot;:&quot;gradient&quot;,&quot;hoteller_ext_is_background_parallax&quot;:&quot;false&quot;,&quot;hoteller_ext_is_background_on_scroll&quot;:&quot;false&quot;}\">\n\t\t\t\t\t\t\t<div class=\"elementor-background-overlay\"><\/div>\n\t\t\t\t\t\t\t<div class=\"elementor-container elementor-column-gap-default\">\n\t\t\t\t\t<div class=\"elementor-column elementor-col-100 elementor-top-column elementor-element elementor-element-f011a00\" data-id=\"f011a00\" data-element_type=\"column\" data-e-type=\"column\" data-settings=\"{&quot;hoteller_ext_link_sidemenu&quot;:&quot;false&quot;,&quot;hoteller_ext_link_fullmenu&quot;:&quot;false&quot;,&quot;hoteller_ext_link_closed_fullmenu&quot;:&quot;false&quot;,&quot;hoteller_ext_is_scrollme&quot;:&quot;false&quot;,&quot;hoteller_ext_is_smoove&quot;:&quot;false&quot;,&quot;hoteller_ext_is_parallax_mouse&quot;:&quot;false&quot;,&quot;hoteller_ext_is_infinite&quot;:&quot;false&quot;,&quot;hoteller_ext_is_fadeout_animation&quot;:&quot;false&quot;,&quot;hoteller_ext_mobile_static&quot;:&quot;false&quot;}\">\n\t\t\t<div class=\"elementor-widget-wrap elementor-element-populated\">\n\t\t\t\t\t\t<div class=\"elementor-element elementor-element-f0e1a3c elementor-invisible elementor-widget elementor-widget-heading\" data-id=\"f0e1a3c\" data-element_type=\"widget\" data-e-type=\"widget\" data-settings=\"{&quot;_animation&quot;:&quot;fadeInUp&quot;,&quot;hoteller_ext_link_sidemenu&quot;:&quot;false&quot;,&quot;hoteller_ext_link_fullmenu&quot;:&quot;false&quot;,&quot;hoteller_ext_link_closed_fullmenu&quot;:&quot;false&quot;,&quot;hoteller_ext_is_scrollme&quot;:&quot;false&quot;,&quot;hoteller_ext_is_smoove&quot;:&quot;false&quot;,&quot;hoteller_ext_is_parallax_mouse&quot;:&quot;false&quot;,&quot;hoteller_ext_is_infinite&quot;:&quot;false&quot;,&quot;hoteller_ext_is_fadeout_animation&quot;:&quot;false&quot;,&quot;hoteller_ext_mobile_static&quot;:&quot;false&quot;}\" data-widget_type=\"heading.default\">\n\t\t\t\t<div class=\"elementor-widget-container\">\n\t\t\t\t\t<h1 class=\"elementor-heading-title elementor-size-default\">Our flats<\/h1>\t\t\t\t<\/div>\n\t\t\t\t<\/div>\n\t\t\t\t<div class=\"elementor-element elementor-element-a29b869 elementor-invisible elementor-widget elementor-widget-heading\" data-id=\"a29b869\" data-element_type=\"widget\" data-e-type=\"widget\" data-settings=\"{&quot;_animation&quot;:&quot;fadeInUp&quot;,&quot;_animation_delay&quot;:400,&quot;hoteller_ext_link_sidemenu&quot;:&quot;false&quot;,&quot;hoteller_ext_link_fullmenu&quot;:&quot;false&quot;,&quot;hoteller_ext_link_closed_fullmenu&quot;:&quot;false&quot;,&quot;hoteller_ext_is_scrollme&quot;:&quot;false&quot;,&quot;hoteller_ext_is_smoove&quot;:&quot;false&quot;,&quot;hoteller_ext_is_parallax_mouse&quot;:&quot;false&quot;,&quot;hoteller_ext_is_infinite&quot;:&quot;false&quot;,&quot;hoteller_ext_is_fadeout_animation&quot;:&quot;false&quot;,&quot;hoteller_ext_mobile_static&quot;:&quot;false&quot;}\" data-widget_type=\"heading.default\">\n\t\t\t\t<div class=\"elementor-widget-container\">\n\t\t\t\t\t<h5 class=\"elementor-heading-title elementor-size-default\">5 flats in the heart of annecy<\/h5>\t\t\t\t<\/div>\n\t\t\t\t<\/div>\n\t\t\t\t\t<\/div>\n\t\t<\/div>\n\t\t\t\t\t<\/div>\n\t\t<\/section>\n\t\t\t\t<section class=\"elementor-section elementor-top-section elementor-element elementor-element-f668637 elementor-section-content-middle elementor-section-stretched elementor-section-boxed elementor-section-height-default elementor-section-height-default\" data-id=\"f668637\" data-element_type=\"section\" data-e-type=\"section\" data-settings=\"{&quot;stretch_section&quot;:&quot;section-stretched&quot;,&quot;hoteller_ext_is_background_parallax&quot;:&quot;false&quot;,&quot;hoteller_ext_is_background_on_scroll&quot;:&quot;false&quot;}\">\n\t\t\t\t\t\t<div class=\"elementor-container elementor-column-gap-wide\">\n\t\t\t\t\t<div class=\"elementor-column elementor-col-100 elementor-top-column elementor-element elementor-element-858096b\" data-id=\"858096b\" data-element_type=\"column\" data-e-type=\"column\" data-settings=\"{&quot;background_background&quot;:&quot;classic&quot;,&quot;hoteller_ext_link_sidemenu&quot;:&quot;false&quot;,&quot;hoteller_ext_link_fullmenu&quot;:&quot;false&quot;,&quot;hoteller_ext_link_closed_fullmenu&quot;:&quot;false&quot;,&quot;hoteller_ext_is_scrollme&quot;:&quot;false&quot;,&quot;hoteller_ext_is_smoove&quot;:&quot;false&quot;,&quot;hoteller_ext_is_parallax_mouse&quot;:&quot;false&quot;,&quot;hoteller_ext_is_infinite&quot;:&quot;false&quot;,&quot;hoteller_ext_is_fadeout_animation&quot;:&quot;false&quot;,&quot;hoteller_ext_mobile_static&quot;:&quot;false&quot;}\">\n\t\t\t<div class=\"elementor-widget-wrap elementor-element-populated\">\n\t\t\t\t\t\t<div class=\"elementor-element elementor-element-ef0e353 elementor-widget elementor-widget-hoteller-distortion-grid\" data-id=\"ef0e353\" data-element_type=\"widget\" data-e-type=\"widget\" data-settings=\"{&quot;hoteller_ext_link_sidemenu&quot;:&quot;false&quot;,&quot;hoteller_ext_link_fullmenu&quot;:&quot;false&quot;,&quot;hoteller_ext_link_closed_fullmenu&quot;:&quot;false&quot;,&quot;hoteller_ext_is_scrollme&quot;:&quot;false&quot;,&quot;hoteller_ext_is_smoove&quot;:&quot;false&quot;,&quot;hoteller_ext_is_parallax_mouse&quot;:&quot;false&quot;,&quot;hoteller_ext_is_infinite&quot;:&quot;false&quot;,&quot;hoteller_ext_is_fadeout_animation&quot;:&quot;false&quot;,&quot;hoteller_ext_mobile_static&quot;:&quot;false&quot;}\" data-widget_type=\"hoteller-distortion-grid.default\">\n\t\t\t\t<div class=\"elementor-widget-container\">\n\t\t\t\t\t<div class=\"distortion_grid_wrapper\">\n\t\t<div class=\"distortion_grid_item distortion_grid_item--bg theme-15\">\n\t\t\t<div class=\"distortion_grid_item-img\" data-displacement=\"https:\/\/www.appartement-annecy.com\/wp-content\/plugins\/hoteller-elementor\/assets\/images\/distortion-grid\/15.jpg\" data-intensity=\"-0.1\" data-speedin=\"0.4\" data-speedout=\"0.4\" data-easing=\"power2.easeInOut\">\n\t\t\t\t<img decoding=\"async\" src=\"https:\/\/www.appartement-annecy.com\/wp-content\/uploads\/2019\/03\/Appart-Venise-205-T3-c_IMG_4701-610x610.jpg\" alt=\"\"\/>\n\t\t\t\t<img decoding=\"async\" src=\"https:\/\/www.appartement-annecy.com\/wp-content\/uploads\/2019\/03\/Appart-Venise-205-T3-c_IMG_4674-610x610.jpg\" alt=\"\"\/>\n\t\t\t<\/div>\n\t\t\t<div class=\"distortion_grid_item-content\">\n\t\t\t\t<span class=\"distortion_grid_item-meta\">For small families<\/span>\n\t\t\t\t<h2 class=\"distortion_grid_item-title\">Flat \"Venise<\/h2>\n\t\t\t\t<div class=\"distortion_grid_item-subtitle\">\n\t\t\t\t\t<span>Charming T3 avenue de Tresums, Annecy<\/span>\n\t\t\t\t\t<a class=\"distortion_grid_item-link\" href=\"\/en\/accommodation\/avant-scene-tresums\/\" >Discover<\/a>\n\t\t\t\t<\/div>\n\t\t\t<\/div>\n\t\t<\/div>\n\t\t<div class=\"distortion_grid_item distortion_grid_item--bg theme-15\">\n\t\t\t<div class=\"distortion_grid_item-img\" data-displacement=\"https:\/\/www.appartement-annecy.com\/wp-content\/plugins\/hoteller-elementor\/assets\/images\/distortion-grid\/15.jpg\" data-intensity=\"-0.1\" data-speedin=\"0.4\" data-speedout=\"0.4\" data-easing=\"power2.easeInOut\">\n\t\t\t\t<img decoding=\"async\" src=\"https:\/\/www.appartement-annecy.com\/wp-content\/uploads\/2019\/03\/Appart-Paris-205-T2-c_IMG_4902-610x610.jpg\" alt=\"\"\/>\n\t\t\t\t<img decoding=\"async\" src=\"https:\/\/www.appartement-annecy.com\/wp-content\/uploads\/2019\/03\/Appart-Paris-205-T2-c_IMG_4891-610x610.jpg\" alt=\"\"\/>\n\t\t\t<\/div>\n\t\t\t<div class=\"distortion_grid_item-content\">\n\t\t\t\t<span class=\"distortion_grid_item-meta\">For couples on holiday<\/span>\n\t\t\t\t<h2 class=\"distortion_grid_item-title\">Flat \"Paris<\/h2>\n\t\t\t\t<div class=\"distortion_grid_item-subtitle\">\n\t\t\t\t\t<span>T2 close to all amenities<\/span>\n\t\t\t\t\t<a class=\"distortion_grid_item-link\" href=\"\/en\/accommodation\/21-tresums\/\" >Discover<\/a>\n\t\t\t\t<\/div>\n\t\t\t<\/div>\n\t\t<\/div>\n\t\t<div class=\"distortion_grid_item distortion_grid_item--bg theme-15\">\n\t\t\t<div class=\"distortion_grid_item-img\" data-displacement=\"https:\/\/www.appartement-annecy.com\/wp-content\/plugins\/hoteller-elementor\/assets\/images\/distortion-grid\/15.jpg\" data-intensity=\"-0.1\" data-speedin=\"0.4\" data-speedout=\"0.4\" data-easing=\"power2.easeInOut\">\n\t\t\t\t<img decoding=\"async\" src=\"https:\/\/www.appartement-annecy.com\/wp-content\/uploads\/2019\/02\/FILATERIE-Appartenament-annecy-65204825-610x610.jpg\" alt=\"\"\/>\n\t\t\t\t<img decoding=\"async\" src=\"https:\/\/www.appartement-annecy.com\/wp-content\/uploads\/2019\/02\/FILATERIE-Appartenament-annecy-65204878-610x610.jpg\" alt=\"\"\/>\n\t\t\t<\/div>\n\t\t\t<div class=\"distortion_grid_item-content\">\n\t\t\t\t<span class=\"distortion_grid_item-meta\">Cosy nest in the town centre<\/span>\n\t\t\t\t<h2 class=\"distortion_grid_item-title\">Flat \"Filaterie<\/h2>\n\t\t\t\t<div class=\"distortion_grid_item-subtitle\">\n\t\t\t\t\t<span>The ideal cocoon for couples<\/span>\n\t\t\t\t\t<a class=\"distortion_grid_item-link\" href=\"\/en\/accommodation\/la-filaterie\/\" >Discover<\/a>\n\t\t\t\t<\/div>\n\t\t\t<\/div>\n\t\t<\/div>\n\t\t<div class=\"distortion_grid_item distortion_grid_item--bg theme-15\">\n\t\t\t<div class=\"distortion_grid_item-img\" data-displacement=\"https:\/\/www.appartement-annecy.com\/wp-content\/plugins\/hoteller-elementor\/assets\/images\/distortion-grid\/15.jpg\" data-intensity=\"-0.1\" data-speedin=\"0.4\" data-speedout=\"0.4\" data-easing=\"power2.easeInOut\">\n\t\t\t\t<img decoding=\"async\" src=\"https:\/\/www.appartement-annecy.com\/wp-content\/uploads\/2019\/03\/Appart-Beauregard-DSCN2239-610x610.jpg\" alt=\"\"\/>\n\t\t\t\t<img decoding=\"async\" src=\"https:\/\/www.appartement-annecy.com\/wp-content\/uploads\/2019\/03\/Appart-Beauregard-DSCN2230-610x610.jpg\" alt=\"\"\/>\n\t\t\t<\/div>\n\t\t\t<div class=\"distortion_grid_item-content\">\n\t\t\t\t<span class=\"distortion_grid_item-meta\">Ideal for families<\/span>\n\t\t\t\t<h2 class=\"distortion_grid_item-title\">Flat \"Lyrique<\/h2>\n\t\t\t\t<div class=\"distortion_grid_item-subtitle\">\n\t\t\t\t\t<span>Large T3 for groups<\/span>\n\t\t\t\t\t<a class=\"distortion_grid_item-link\" href=\"\/en\/accommodation\/the-lyrical\/\" >Discover<\/a>\n\t\t\t\t<\/div>\n\t\t\t<\/div>\n\t\t<\/div>\n<\/div>\n\t\t\t\t<\/div>\n\t\t\t\t<\/div>\n\t\t\t\t\t<\/div>\n\t\t<\/div>\n\t\t\t\t\t<\/div>\n\t\t<\/section>\n\t\t\t\t<\/div>","protected":false},"excerpt":{"rendered":"<p>Nos appartements 5 appartements au coeur d&rsquo;annecy Pour les petites familles Appartement &quot;Venise&quot; Charmant T3 avenue de Tresums, \u00e0 Annecy D\u00e9couvrir Pour les couples en vacances Appartement &quot;Paris&quot; T2 proche de toutes commodit\u00e9s D\u00e9couvrir Nid douillet au centre ville Appartement [&hellip;]<\/p>","protected":false},"author":1,"featured_media":0,"parent":0,"menu_order":0,"comment_status":"closed","ping_status":"closed","template":"","meta":{"footnotes":""},"class_list":["post-204","page","type-page","status-publish","hentry"],"yoast_head":"<!-- This site is optimized with the Yoast SEO plugin v25.6 - https:\/\/yoast.com\/wordpress\/plugins\/seo\/ -->\n<title>Appartements - Appartement Annecy<\/title>\n<meta name=\"robots\" content=\"index, follow, max-snippet:-1, max-image-preview:large, max-video-preview:-1\" \/>\n<link rel=\"canonical\" href=\"https:\/\/www.appartement-annecy.com\/en\/flats\/\" \/>\n<meta property=\"og:locale\" content=\"en_GB\" \/>\n<meta property=\"og:type\" content=\"article\" \/>\n<meta property=\"og:title\" content=\"Appartements - Appartement Annecy\" \/>\n<meta property=\"og:description\" content=\"Nos appartements 5 appartements au coeur d&rsquo;annecy Pour les petites familles Appartement &quot;Venise&quot; Charmant T3 avenue de Tresums, \u00e0 Annecy D\u00e9couvrir Pour les couples en vacances Appartement &quot;Paris&quot; T2 proche de toutes commodit\u00e9s D\u00e9couvrir Nid douillet au centre ville Appartement [&hellip;]\" \/>\n<meta property=\"og:url\" content=\"https:\/\/www.appartement-annecy.com\/en\/flats\/\" \/>\n<meta property=\"og:site_name\" content=\"Appartement Annecy\" \/>\n<meta property=\"article:modified_time\" content=\"2024-06-26T07:34:09+00:00\" \/>\n<meta property=\"og:image\" content=\"https:\/\/www.appartement-annecy.com\/wp-content\/uploads\/2019\/03\/Appart-Venise-205-T3-c_IMG_4701-610x610.jpg\" \/>\n<meta name=\"twitter:card\" content=\"summary_large_image\" \/>\n<meta name=\"twitter:label1\" content=\"Estimated reading time\" \/>\n\t<meta name=\"twitter:data1\" content=\"2 minutes\" \/>\n<script type=\"application\/ld+json\" class=\"yoast-schema-graph\">{\"@context\":\"https:\/\/schema.org\",\"@graph\":[{\"@type\":\"WebPage\",\"@id\":\"https:\/\/www.appartement-annecy.com\/appartements\/\",\"url\":\"https:\/\/www.appartement-annecy.com\/appartements\/\",\"name\":\"Appartements - Appartement Annecy\",\"isPartOf\":{\"@id\":\"https:\/\/www.appartement-annecy.com\/#website\"},\"primaryImageOfPage\":{\"@id\":\"https:\/\/www.appartement-annecy.com\/appartements\/#primaryimage\"},\"image\":{\"@id\":\"https:\/\/www.appartement-annecy.com\/appartements\/#primaryimage\"},\"thumbnailUrl\":\"https:\/\/www.appartement-annecy.com\/wp-content\/uploads\/2019\/03\/Appart-Venise-205-T3-c_IMG_4701-610x610.jpg\",\"datePublished\":\"2018-06-13T11:45:42+00:00\",\"dateModified\":\"2024-06-26T07:34:09+00:00\",\"breadcrumb\":{\"@id\":\"https:\/\/www.appartement-annecy.com\/appartements\/#breadcrumb\"},\"inLanguage\":\"en-GB\",\"potentialAction\":[{\"@type\":\"ReadAction\",\"target\":[\"https:\/\/www.appartement-annecy.com\/appartements\/\"]}]},{\"@type\":\"ImageObject\",\"inLanguage\":\"en-GB\",\"@id\":\"https:\/\/www.appartement-annecy.com\/appartements\/#primaryimage\",\"url\":\"https:\/\/www.appartement-annecy.com\/wp-content\/uploads\/2019\/03\/Appart-Venise-205-T3-c_IMG_4701-610x610.jpg\",\"contentUrl\":\"https:\/\/www.appartement-annecy.com\/wp-content\/uploads\/2019\/03\/Appart-Venise-205-T3-c_IMG_4701-610x610.jpg\"},{\"@type\":\"BreadcrumbList\",\"@id\":\"https:\/\/www.appartement-annecy.com\/appartements\/#breadcrumb\",\"itemListElement\":[{\"@type\":\"ListItem\",\"position\":1,\"name\":\"Accueil\",\"item\":\"https:\/\/www.appartement-annecy.com\/\"},{\"@type\":\"ListItem\",\"position\":2,\"name\":\"Appartements\"}]},{\"@type\":\"WebSite\",\"@id\":\"https:\/\/www.appartement-annecy.com\/#website\",\"url\":\"https:\/\/www.appartement-annecy.com\/\",\"name\":\"Appartement Annecy\",\"description\":\"Location d&#039;appartements \u00e0 Annecy\",\"potentialAction\":[{\"@type\":\"SearchAction\",\"target\":{\"@type\":\"EntryPoint\",\"urlTemplate\":\"https:\/\/www.appartement-annecy.com\/?s={search_term_string}\"},\"query-input\":{\"@type\":\"PropertyValueSpecification\",\"valueRequired\":true,\"valueName\":\"search_term_string\"}}],\"inLanguage\":\"en-GB\"}]}<\/script>\n<!-- \/ Yoast SEO plugin. -->","yoast_head_json":{"title":"Appartements - Appartement Annecy","robots":{"index":"index","follow":"follow","max-snippet":"max-snippet:-1","max-image-preview":"max-image-preview:large","max-video-preview":"max-video-preview:-1"},"canonical":"https:\/\/www.appartement-annecy.com\/en\/flats\/","og_locale":"en_GB","og_type":"article","og_title":"Appartements - Appartement Annecy","og_description":"Nos appartements 5 appartements au coeur d&rsquo;annecy Pour les petites familles Appartement &quot;Venise&quot; Charmant T3 avenue de Tresums, \u00e0 Annecy D\u00e9couvrir Pour les couples en vacances Appartement &quot;Paris&quot; T2 proche de toutes commodit\u00e9s D\u00e9couvrir Nid douillet au centre ville Appartement [&hellip;]","og_url":"https:\/\/www.appartement-annecy.com\/en\/flats\/","og_site_name":"Appartement Annecy","article_modified_time":"2024-06-26T07:34:09+00:00","og_image":[{"url":"https:\/\/www.appartement-annecy.com\/wp-content\/uploads\/2019\/03\/Appart-Venise-205-T3-c_IMG_4701-610x610.jpg","type":"","width":"","height":""}],"twitter_card":"summary_large_image","twitter_misc":{"Estimated reading time":"2 minutes"},"schema":{"@context":"https:\/\/schema.org","@graph":[{"@type":"WebPage","@id":"https:\/\/www.appartement-annecy.com\/appartements\/","url":"https:\/\/www.appartement-annecy.com\/appartements\/","name":"Appartements - Appartement Annecy","isPartOf":{"@id":"https:\/\/www.appartement-annecy.com\/#website"},"primaryImageOfPage":{"@id":"https:\/\/www.appartement-annecy.com\/appartements\/#primaryimage"},"image":{"@id":"https:\/\/www.appartement-annecy.com\/appartements\/#primaryimage"},"thumbnailUrl":"https:\/\/www.appartement-annecy.com\/wp-content\/uploads\/2019\/03\/Appart-Venise-205-T3-c_IMG_4701-610x610.jpg","datePublished":"2018-06-13T11:45:42+00:00","dateModified":"2024-06-26T07:34:09+00:00","breadcrumb":{"@id":"https:\/\/www.appartement-annecy.com\/appartements\/#breadcrumb"},"inLanguage":"en-GB","potentialAction":[{"@type":"ReadAction","target":["https:\/\/www.appartement-annecy.com\/appartements\/"]}]},{"@type":"ImageObject","inLanguage":"en-GB","@id":"https:\/\/www.appartement-annecy.com\/appartements\/#primaryimage","url":"https:\/\/www.appartement-annecy.com\/wp-content\/uploads\/2019\/03\/Appart-Venise-205-T3-c_IMG_4701-610x610.jpg","contentUrl":"https:\/\/www.appartement-annecy.com\/wp-content\/uploads\/2019\/03\/Appart-Venise-205-T3-c_IMG_4701-610x610.jpg"},{"@type":"BreadcrumbList","@id":"https:\/\/www.appartement-annecy.com\/appartements\/#breadcrumb","itemListElement":[{"@type":"ListItem","position":1,"name":"Accueil","item":"https:\/\/www.appartement-annecy.com\/"},{"@type":"ListItem","position":2,"name":"Appartements"}]},{"@type":"WebSite","@id":"https:\/\/www.appartement-annecy.com\/#website","url":"https:\/\/www.appartement-annecy.com\/","name":"Appartement Annecy","description":"Location d&#039;appartements \u00e0 Annecy","potentialAction":[{"@type":"SearchAction","target":{"@type":"EntryPoint","urlTemplate":"https:\/\/www.appartement-annecy.com\/?s={search_term_string}"},"query-input":{"@type":"PropertyValueSpecification","valueRequired":true,"valueName":"search_term_string"}}],"inLanguage":"en-GB"}]}},"_links":{"self":[{"href":"https:\/\/www.appartement-annecy.com\/en\/wp-json\/wp\/v2\/pages\/204"}],"collection":[{"href":"https:\/\/www.appartement-annecy.com\/en\/wp-json\/wp\/v2\/pages"}],"about":[{"href":"https:\/\/www.appartement-annecy.com\/en\/wp-json\/wp\/v2\/types\/page"}],"author":[{"embeddable":true,"href":"https:\/\/www.appartement-annecy.com\/en\/wp-json\/wp\/v2\/users\/1"}],"replies":[{"embeddable":true,"href":"https:\/\/www.appartement-annecy.com\/en\/wp-json\/wp\/v2\/comments?post=204"}],"version-history":[{"count":0,"href":"https:\/\/www.appartement-annecy.com\/en\/wp-json\/wp\/v2\/pages\/204\/revisions"}],"wp:attachment":[{"href":"https:\/\/www.appartement-annecy.com\/en\/wp-json\/wp\/v2\/media?parent=204"}],"curies":[{"name":"wp","href":"https:\/\/api.w.org\/{rel}","templated":true}]}}